{"id":29797,"date":"2021-08-21T21:29:35","date_gmt":"2021-08-21T19:29:35","guid":{"rendered":"https:\/\/3h-food.com\/savjetovanja\/"},"modified":"2022-05-31T15:03:13","modified_gmt":"2022-05-31T13:03:13","slug":"savjetovanja","status":"publish","type":"page","link":"https:\/\/3h-food.com\/en\/savjetovanja\/","title":{"rendered":"Savjetovanja"},"content":{"rendered":"\t\t<div data-elementor-type=\"wp-page\" data-elementor-id=\"29797\" class=\"elementor elementor-29797\" data-elementor-post-type=\"page\">\n\t\t\t\t\t\t<section class=\"elementor-section elementor-top-section elementor-element elementor-element-d99e81b elementor-section-boxed elementor-section-height-default elementor-section-height-default\" data-id=\"d99e81b\" data-element_type=\"section\" data-e-type=\"section\">\n\t\t\t\t\t\t<div class=\"elementor-container elementor-column-gap-default\">\n\t\t\t\t\t<div class=\"elementor-column elementor-col-100 elementor-top-column elementor-element elementor-element-285805c\" data-id=\"285805c\" data-element_type=\"column\" data-e-type=\"column\">\n\t\t\t<div class=\"elementor-widget-wrap elementor-element-populated\">\n\t\t\t\t\t\t<div class=\"elementor-element elementor-element-b12e3c7 elementor-widget elementor-widget-heading\" data-id=\"b12e3c7\" data-element_type=\"widget\" data-e-type=\"widget\" data-widget_type=\"heading.default\">\n\t\t\t\t<div class=\"elementor-widget-container\">\n\t\t\t\t\t<h2 class=\"elementor-heading-title elementor-size-default\">Osobna savjetovanja<\/h2>\t\t\t\t<\/div>\n\t\t\t\t<\/div>\n\t\t\t\t<div class=\"elementor-element elementor-element-e7dce22 elementor-widget elementor-widget-text-editor\" data-id=\"e7dce22\" data-element_type=\"widget\" data-e-type=\"widget\" data-widget_type=\"text-editor.default\">\n\t\t\t\t<div class=\"elementor-widget-container\">\n\t\t\t\t\t\t\t\t\t<p style=\"text-align: center;\">Samo i isklju\u010divo ZNANJE vam mo\u017ee osigurati razvoj <strong>dugoro\u010dnih<\/strong> i zdravih navika! Zato je najva\u017enija edukacija, edukacija i opet edukacija. <br \/>Izazovno je \u0161to danas informacija ima pregr\u0161t \u2013 \u0161to god \u201egooglate\u201c na\u0107i \u0107ete argumente i za i protiv. <br \/>Relevantnih informacija manjka &#8211; i upravo zato sam ja tu \u2013 da vam prenesem svoja znanja, da zajedno rastemo i da vam pomognem da vam prehrana stvarno bude 3H u va\u0161im okvirima. A kad to postignete i <span style=\"color: #339966;\">\u017eivot postaje 3H: sretan, zdrav i hedonisti\u010dan<\/span>!<\/p><p style=\"text-align: center;\">Hrana mo\u017ee i treba biti u funkciji va\u0161eg zdravlja. Suprotno mitovima, <strong>priprema zdrave i ukusne hrane ne mora biti skupa, ne mora trajati satima <\/strong><br \/><strong>i ne trebate se \u017ertvovati i jesti bezukusnu hranu<\/strong>.<\/p><p style=\"text-align: center;\"><span style=\"color: #ff0000;\">Cilj 3H Food osobnih savjetovanja<\/span> je dati vam informacije o hrani koju konzumirate, o vi\u0161e ili manje zdravim na\u010dinima pripreme odre\u0111enih namirnica te <br \/>da bolje upoznate i oslu\u0161kujete svoje tijelo. Zajedno pronalazimo va\u0161e <strong>veliko \u201eZA\u0160TO\u201c<\/strong> u kontekstu prehrane i prilago\u0111avamo ju va\u0161im potrebama i stanju organizma.<\/p><p style=\"text-align: center;\">Zna\u010di li to da trebate postati vegetarijanac ili vegan? Apsolutno ne. To zna\u010di da \u0107u vas <em>potaknuti da \u010dinite prehrambene promjene i pozitivne pomake za koje ste u odre\u0111enom trenutku spremni<\/em>. A to uklju\u010duje postupno veganizranje va\u0161eg menija, dodavanje vi\u0161e prirodne, svje\u017ee i \u017eive hrane.\u00a0 Opet sve do mjere koja vama odgovara.<\/p><p style=\"text-align: center;\"><strong>Ovdje sam da vam olak\u0161am promjenu prehrane \u2013 imat \u0107ete sve potrebne informacije na jednom mjestu. Nesebi\u010dno s vama dijelim znanje i iskustvo prikupljano godinama kako bi vam pribli\u017eila zdraviju prehranu i olak\u0161ala tranziciju i proces.\u00a0<\/strong><\/p>\t\t\t\t\t\t\t\t<\/div>\n\t\t\t\t<\/div>\n\t\t\t\t\t<\/div>\n\t\t<\/div>\n\t\t\t\t\t<\/div>\n\t\t<\/section>\n\t\t\t\t<section class=\"elementor-section elementor-top-section elementor-element elementor-element-6d2e244 elementor-section-boxed elementor-section-height-default elementor-section-height-default\" data-id=\"6d2e244\" data-element_type=\"section\" data-e-type=\"section\">\n\t\t\t\t\t\t<div class=\"elementor-container elementor-column-gap-default\">\n\t\t\t\t\t<div class=\"elementor-column elementor-col-100 elementor-top-column elementor-element elementor-element-db5171a\" data-id=\"db5171a\" data-element_type=\"column\" data-e-type=\"column\">\n\t\t\t<div class=\"elementor-widget-wrap elementor-element-populated\">\n\t\t\t\t\t\t<div class=\"elementor-element elementor-element-9121924 elementor-widget elementor-widget-image\" data-id=\"9121924\" data-element_type=\"widget\" data-e-type=\"widget\" data-widget_type=\"image.default\">\n\t\t\t\t<div class=\"elementor-widget-container\">\n\t\t\t\t\t\t\t\t\t\t\t\t\t\t\t<img decoding=\"async\" src=\"https:\/\/3h-food.com\/wp-content\/uploads\/2022\/05\/Anita-sav.jpg\" title=\"\" alt=\"\" loading=\"lazy\" \/>\t\t\t\t\t\t\t\t\t\t\t\t\t\t\t<\/div>\n\t\t\t\t<\/div>\n\t\t\t\t\t<\/div>\n\t\t<\/div>\n\t\t\t\t\t<\/div>\n\t\t<\/section>\n\t\t\t\t<section class=\"elementor-section elementor-top-section elementor-element elementor-element-5723479 elementor-section-boxed elementor-section-height-default elementor-section-height-default\" data-id=\"5723479\" data-element_type=\"section\" data-e-type=\"section\">\n\t\t\t\t\t\t<div class=\"elementor-container elementor-column-gap-default\">\n\t\t\t\t\t<div class=\"elementor-column elementor-col-100 elementor-top-column elementor-element elementor-element-437fac6\" data-id=\"437fac6\" data-element_type=\"column\" data-e-type=\"column\">\n\t\t\t<div class=\"elementor-widget-wrap elementor-element-populated\">\n\t\t\t\t\t\t<div class=\"elementor-element elementor-element-d78cc78 elementor-align-center elementor-widget elementor-widget-button\" data-id=\"d78cc78\" data-element_type=\"widget\" data-e-type=\"widget\" data-widget_type=\"button.default\">\n\t\t\t\t<div class=\"elementor-widget-container\">\n\t\t\t\t\t\t\t\t\t<div class=\"elementor-button-wrapper\">\n\t\t\t\t\t<a class=\"elementor-button elementor-button-link elementor-size-lg\" href=\"https:\/\/3h-food.com\/trgovina\/\">\n\t\t\t\t\t\t<span class=\"elementor-button-content-wrapper\">\n\t\t\t\t\t\t\t\t\t<span class=\"elementor-button-text\">\u017delim savjetovanje<\/span>\n\t\t\t\t\t<\/span>\n\t\t\t\t\t<\/a>\n\t\t\t\t<\/div>\n\t\t\t\t\t\t\t\t<\/div>\n\t\t\t\t<\/div>\n\t\t\t\t\t<\/div>\n\t\t<\/div>\n\t\t\t\t\t<\/div>\n\t\t<\/section>\n\t\t\t\t<section class=\"elementor-section elementor-top-section elementor-element elementor-element-a016234 elementor-section-content-middle elementor-section-boxed elementor-section-height-default elementor-section-height-default\" data-id=\"a016234\" data-element_type=\"section\" data-e-type=\"section\">\n\t\t\t\t\t\t<div class=\"elementor-container elementor-column-gap-narrow\">\n\t\t\t\t\t<div class=\"elementor-column elementor-col-33 elementor-top-column elementor-element elementor-element-a7723da\" data-id=\"a7723da\" data-element_type=\"column\" data-e-type=\"column\">\n\t\t\t<div class=\"elementor-widget-wrap elementor-element-populated\">\n\t\t\t\t\t\t<div class=\"elementor-element elementor-element-dd9645b elementor-widget elementor-widget-image\" data-id=\"dd9645b\" data-element_type=\"widget\" data-e-type=\"widget\" data-widget_type=\"image.default\">\n\t\t\t\t<div class=\"elementor-widget-container\">\n\t\t\t\t\t\t\t\t\t\t\t\t\t\t\t\t<a href=\"https:\/\/3h-food.com\/kosarica\/?add-to-cart=27495\">\n\t\t\t\t\t\t\t<img fetchpriority=\"high\" decoding=\"async\" width=\"386\" height=\"426\" src=\"https:\/\/3h-food.com\/wp-content\/uploads\/2021\/09\/Pojedinacno.jpg\" class=\"attachment-large size-large wp-image-27341\" alt=\"\" srcset=\"https:\/\/3h-food.com\/wp-content\/uploads\/2021\/09\/Pojedinacno.jpg 386w, https:\/\/3h-food.com\/wp-content\/uploads\/2021\/09\/Pojedinacno-272x300.jpg 272w\" sizes=\"(max-width: 386px) 100vw, 386px\" \/>\t\t\t\t\t\t\t\t<\/a>\n\t\t\t\t\t\t\t\t\t\t\t\t\t\t\t<\/div>\n\t\t\t\t<\/div>\n\t\t\t\t\t<\/div>\n\t\t<\/div>\n\t\t\t\t<div class=\"elementor-column elementor-col-33 elementor-top-column elementor-element elementor-element-019b66f\" data-id=\"019b66f\" data-element_type=\"column\" data-e-type=\"column\">\n\t\t\t<div class=\"elementor-widget-wrap elementor-element-populated\">\n\t\t\t\t\t\t<div class=\"elementor-element elementor-element-1d8f0b8 elementor-widget elementor-widget-image\" data-id=\"1d8f0b8\" data-element_type=\"widget\" data-e-type=\"widget\" data-widget_type=\"image.default\">\n\t\t\t\t<div class=\"elementor-widget-container\">\n\t\t\t\t\t\t\t\t\t\t\t\t\t\t\t\t<a href=\"https:\/\/3h-food.com\/kosarica\/?add-to-cart=27497\">\n\t\t\t\t\t\t\t<img decoding=\"async\" width=\"438\" height=\"461\" src=\"https:\/\/3h-food.com\/wp-content\/uploads\/2022\/05\/Paket-3-1.jpg\" class=\"attachment-large size-large wp-image-30371\" alt=\"\" srcset=\"https:\/\/3h-food.com\/wp-content\/uploads\/2022\/05\/Paket-3-1.jpg 438w, https:\/\/3h-food.com\/wp-content\/uploads\/2022\/05\/Paket-3-1-285x300.jpg 285w\" sizes=\"(max-width: 438px) 100vw, 438px\" \/>\t\t\t\t\t\t\t\t<\/a>\n\t\t\t\t\t\t\t\t\t\t\t\t\t\t\t<\/div>\n\t\t\t\t<\/div>\n\t\t\t\t\t<\/div>\n\t\t<\/div>\n\t\t\t\t<div class=\"elementor-column elementor-col-33 elementor-top-column elementor-element elementor-element-bebd394\" data-id=\"bebd394\" data-element_type=\"column\" data-e-type=\"column\">\n\t\t\t<div class=\"elementor-widget-wrap elementor-element-populated\">\n\t\t\t\t\t\t<div class=\"elementor-element elementor-element-eb88c49 elementor-widget elementor-widget-image\" data-id=\"eb88c49\" data-element_type=\"widget\" data-e-type=\"widget\" data-widget_type=\"image.default\">\n\t\t\t\t<div class=\"elementor-widget-container\">\n\t\t\t\t\t\t\t\t\t\t\t\t\t\t\t\t<a href=\"https:\/\/3h-food.com\/kosarica\/?add-to-cart=27499\">\n\t\t\t\t\t\t\t<img decoding=\"async\" width=\"438\" height=\"461\" src=\"https:\/\/3h-food.com\/wp-content\/uploads\/2022\/05\/Paket-5.jpg\" class=\"attachment-large size-large wp-image-30369\" alt=\"\" srcset=\"https:\/\/3h-food.com\/wp-content\/uploads\/2022\/05\/Paket-5.jpg 438w, https:\/\/3h-food.com\/wp-content\/uploads\/2022\/05\/Paket-5-285x300.jpg 285w\" sizes=\"(max-width: 438px) 100vw, 438px\" \/>\t\t\t\t\t\t\t\t<\/a>\n\t\t\t\t\t\t\t\t\t\t\t\t\t\t\t<\/div>\n\t\t\t\t<\/div>\n\t\t\t\t\t<\/div>\n\t\t<\/div>\n\t\t\t\t\t<\/div>\n\t\t<\/section>\n\t\t\t\t<\/div>\n\t\t","protected":false},"excerpt":{"rendered":"<p>Osobna savjetovanja Samo i isklju\u010divo ZNANJE vam mo\u017ee osigurati razvoj dugoro\u010dnih i zdravih navika! Zato je najva\u017enija edukacija, edukacija i opet edukacija. Izazovno je \u0161to danas informacija ima pregr\u0161t \u2013 \u0161to god \u201egooglate\u201c na\u0107i \u0107ete argumente i za i protiv. Relevantnih informacija manjka &#8211; i upravo zato sam ja tu \u2013 da vam prenesem svoja [&hellip;]<\/p>\n","protected":false},"author":1,"featured_media":0,"parent":0,"menu_order":0,"comment_status":"closed","ping_status":"closed","template":"elementor_header_footer","meta":{"_eb_attr":"","inline_featured_image":false,"footnotes":""},"class_list":["post-29797","page","type-page","status-publish","hentry"],"_links":{"self":[{"href":"https:\/\/3h-food.com\/en\/wp-json\/wp\/v2\/pages\/29797","targetHints":{"allow":["GET"]}}],"collection":[{"href":"https:\/\/3h-food.com\/en\/wp-json\/wp\/v2\/pages"}],"about":[{"href":"https:\/\/3h-food.com\/en\/wp-json\/wp\/v2\/types\/page"}],"author":[{"embeddable":true,"href":"https:\/\/3h-food.com\/en\/wp-json\/wp\/v2\/users\/1"}],"replies":[{"embeddable":true,"href":"https:\/\/3h-food.com\/en\/wp-json\/wp\/v2\/comments?post=29797"}],"version-history":[{"count":13,"href":"https:\/\/3h-food.com\/en\/wp-json\/wp\/v2\/pages\/29797\/revisions"}],"predecessor-version":[{"id":30384,"href":"https:\/\/3h-food.com\/en\/wp-json\/wp\/v2\/pages\/29797\/revisions\/30384"}],"wp:attachment":[{"href":"https:\/\/3h-food.com\/en\/wp-json\/wp\/v2\/media?parent=29797"}],"curies":[{"name":"wp","href":"https:\/\/api.w.org\/{rel}","templated":true}]}}